{"id":2209,"date":"2025-05-12T12:35:05","date_gmt":"2025-05-12T12:35:05","guid":{"rendered":"https:\/\/autorbalza.center\/?page_id=2209"},"modified":"2025-05-12T12:53:11","modified_gmt":"2025-05-12T12:53:11","slug":"uslugi","status":"publish","type":"page","link":"https:\/\/autorbalza.center\/?page_id=2209","title":{"rendered":"Us\u0142ugi"},"content":{"rendered":"\t\t<div data-elementor-type=\"wp-page\" data-elementor-id=\"2209\" class=\"elementor elementor-2209\">\n\t\t\t\t<div class=\"elementor-element elementor-element-386c4e3 e-flex e-con-boxed e-con e-parent\" data-id=\"386c4e3\" data-element_type=\"container\">\n\t\t\t\t\t<div class=\"e-con-inner\">\n\t\t\t\t<div class=\"elementor-element elementor-element-2086b83 elementor-widget elementor-widget-anant-product-grid\" data-id=\"2086b83\" data-element_type=\"widget\" data-widget_type=\"anant-product-grid.default\">\n\t\t\t\t<div class=\"elementor-widget-container\">\n\t\t\t\t\t<div class=\"anant-outer-wrapper\" data-wid=\"2086b83\">\t\t<div class=\"anant_product_wrapper anant-product-grid-wrapper anant-2086b83   category-active\" data-first_tab_id=\"\">\r\n\t\t\t\t\t\t\t\t<div class=\"anant-single-grid-product anant-tabs-2086b83\t\t\t\t\t\t\"\r\n\t\t\t\t\t\t\tdata-swiper_div_tabs=\"\"\r\n\t\t\t\t\t>\r\n\t\t\t\t\t\t<!-- anant-product-card -->\r\n\t<div class=\"anant-product-item first anant-product-grid-item\"> \r\n\t\t<!-- display image -->\r\n\t\t\t<div class=\"anant_thumbnail\">\r\n\t\t\t\t<a href=\"https:\/\/autorbalza.center\/?product=szkolenie-z-obslugi-strony-cms\" class=\"anant_img anant-product-grid-image\">\r\n\t\t\t\t\t<img decoding=\"async\" src=\"https:\/\/autorbalza.center\/wp-content\/uploads\/2025\/05\/16-1.webp\" title=\"16\" alt=\"16\" \/>\t\t\t\t\t\r\n\t\t\t\t<\/a> \r\n\t\t\t\t<div class=\"ant-product-buttons anant-product-grid-Icon\">\r\n\t\t\t\t\t\t\t\t\t\t\t\t\t\t \r\n\t\t\t\t<\/div>\r\n\t\t\t\t\t\t\t<\/div>\r\n\t\t<!-- \/\/ display image ends -->\r\n\t\t<!-- content begins  -->\r\n\t\t<div class=\"anant_product_content\">\r\n\t\t\t\r\n\t\t\t<div class=\"anant_title\">\r\n\t\t\t\t\t\t\t\t\t\t\t\t<h2 class=\"title anant-product-grid-title\"><a href=\"https:\/\/autorbalza.center\/?product=szkolenie-z-obslugi-strony-cms\">Szkolenie z obs\u0142ugi strony (CMS)<\/a><\/h2>\r\n\t\t\t\t\t\t\t<\/div>\r\n\t\t\t\t\t\t<div class=\"anant_price anant-product-grid-price\">\r\n\t\t\t\t\t<span class=\"woocommerce-Price-amount amount\"><bdi>300.00&nbsp;<span class=\"woocommerce-Price-currencySymbol\">&#122;&#322;<\/span><\/bdi><\/span>\t\t\t\t<\/div>\r\n\t\t\t\t\t\r\n\t\t\t\t\t<div class=\"anant_cartbtn\">\r\n\t\t\t\t<div class=\"anant-add-to-cart anant-product-grid-button\">\r\n\t\t\t\t<a href=\"?add-to-cart=2147\" data-quantity=\"1\" class=\"button product_type_simple add_to_cart_button ajax_add_to_cart anant_add_to_cart_btn\" data-product_id=\"2147\" data-product_sku=\"\" aria-label=\"Dodaj do koszyka: &bdquo;Szkolenie z obs\u0142ugi strony (CMS)&rdquo;\" rel=\"nofollow\">Dodaj do koszyka<\/a>\t\t\t\t<\/div>\r\n\t\t\t<\/div> \r\n\t\t\t\t\t<\/div> \r\n\t<\/div> \r\n\t<!-- \/anant-product-card -->\r\n\t\t\t\r\n\t\t\t\t\t<\/div>\r\n\t\t\t\t\t\t\t\t\t<div class=\"anant-single-grid-product anant-tabs-2086b83\t\t\t\t\t\t\"\r\n\t\t\t\t\t\t\tdata-swiper_div_tabs=\"\"\r\n\t\t\t\t\t>\r\n\t\t\t\t\t\t<!-- anant-product-card -->\r\n\t<div class=\"anant-product-item first anant-product-grid-item\"> \r\n\t\t<!-- display image -->\r\n\t\t\t<div class=\"anant_thumbnail\">\r\n\t\t\t\t<a href=\"https:\/\/autorbalza.center\/?product=dostosowanie-strony-do-urzadzen-mobilnych\" class=\"anant_img anant-product-grid-image\">\r\n\t\t\t\t\t<img decoding=\"async\" src=\"https:\/\/autorbalza.center\/wp-content\/uploads\/2025\/05\/15-1.webp\" title=\"15\" alt=\"15\" \/>\t\t\t\t\t\r\n\t\t\t\t<\/a> \r\n\t\t\t\t<div class=\"ant-product-buttons anant-product-grid-Icon\">\r\n\t\t\t\t\t\t\t\t\t\t\t\t\t\t \r\n\t\t\t\t<\/div>\r\n\t\t\t\t\t\t\t<\/div>\r\n\t\t<!-- \/\/ display image ends -->\r\n\t\t<!-- content begins  -->\r\n\t\t<div class=\"anant_product_content\">\r\n\t\t\t\r\n\t\t\t<div class=\"anant_title\">\r\n\t\t\t\t\t\t\t\t\t\t\t\t<h2 class=\"title anant-product-grid-title\"><a href=\"https:\/\/autorbalza.center\/?product=dostosowanie-strony-do-urzadzen-mobilnych\">Dostosowanie strony do urz\u0105dze\u0144 mobilnych<\/a><\/h2>\r\n\t\t\t\t\t\t\t<\/div>\r\n\t\t\t\t\t\t<div class=\"anant_price anant-product-grid-price\">\r\n\t\t\t\t\t<span class=\"woocommerce-Price-amount amount\"><bdi>600.00&nbsp;<span class=\"woocommerce-Price-currencySymbol\">&#122;&#322;<\/span><\/bdi><\/span>\t\t\t\t<\/div>\r\n\t\t\t\t\t\r\n\t\t\t\t\t<div class=\"anant_cartbtn\">\r\n\t\t\t\t<div class=\"anant-add-to-cart anant-product-grid-button\">\r\n\t\t\t\t<a href=\"?add-to-cart=2144\" data-quantity=\"1\" class=\"button product_type_simple add_to_cart_button ajax_add_to_cart anant_add_to_cart_btn\" data-product_id=\"2144\" data-product_sku=\"\" aria-label=\"Dodaj do koszyka: &bdquo;Dostosowanie strony do urz\u0105dze\u0144 mobilnych&rdquo;\" rel=\"nofollow\">Dodaj do koszyka<\/a>\t\t\t\t<\/div>\r\n\t\t\t<\/div> \r\n\t\t\t\t\t<\/div> \r\n\t<\/div> \r\n\t<!-- \/anant-product-card -->\r\n\t\t\t\r\n\t\t\t\t\t<\/div>\r\n\t\t\t\t\t\t\t\t\t<div class=\"anant-single-grid-product anant-tabs-2086b83\t\t\t\t\t\t\"\r\n\t\t\t\t\t\t\tdata-swiper_div_tabs=\"\"\r\n\t\t\t\t\t>\r\n\t\t\t\t\t\t<!-- anant-product-card -->\r\n\t<div class=\"anant-product-item first anant-product-grid-item\"> \r\n\t\t<!-- display image -->\r\n\t\t\t<div class=\"anant_thumbnail\">\r\n\t\t\t\t<a href=\"https:\/\/autorbalza.center\/?product=projektowanie-landing-page\" class=\"anant_img anant-product-grid-image\">\r\n\t\t\t\t\t<img decoding=\"async\" src=\"https:\/\/autorbalza.center\/wp-content\/uploads\/2025\/05\/14-1.webp\" title=\"14\" alt=\"14\" \/>\t\t\t\t\t\r\n\t\t\t\t<\/a> \r\n\t\t\t\t<div class=\"ant-product-buttons anant-product-grid-Icon\">\r\n\t\t\t\t\t\t\t\t\t\t\t\t\t\t \r\n\t\t\t\t<\/div>\r\n\t\t\t\t\t\t\t<\/div>\r\n\t\t<!-- \/\/ display image ends -->\r\n\t\t<!-- content begins  -->\r\n\t\t<div class=\"anant_product_content\">\r\n\t\t\t\r\n\t\t\t<div class=\"anant_title\">\r\n\t\t\t\t\t\t\t\t\t\t\t\t<h2 class=\"title anant-product-grid-title\"><a href=\"https:\/\/autorbalza.center\/?product=projektowanie-landing-page\">Projektowanie landing page<\/a><\/h2>\r\n\t\t\t\t\t\t\t<\/div>\r\n\t\t\t\t\t\t<div class=\"anant_price anant-product-grid-price\">\r\n\t\t\t\t\t<span class=\"woocommerce-Price-amount amount\"><bdi>700.00&nbsp;<span class=\"woocommerce-Price-currencySymbol\">&#122;&#322;<\/span><\/bdi><\/span>\t\t\t\t<\/div>\r\n\t\t\t\t\t\r\n\t\t\t\t\t<div class=\"anant_cartbtn\">\r\n\t\t\t\t<div class=\"anant-add-to-cart anant-product-grid-button\">\r\n\t\t\t\t<a href=\"?add-to-cart=2141\" data-quantity=\"1\" class=\"button product_type_simple add_to_cart_button ajax_add_to_cart anant_add_to_cart_btn\" data-product_id=\"2141\" data-product_sku=\"\" aria-label=\"Dodaj do koszyka: &bdquo;Projektowanie landing page&rdquo;\" rel=\"nofollow\">Dodaj do koszyka<\/a>\t\t\t\t<\/div>\r\n\t\t\t<\/div> \r\n\t\t\t\t\t<\/div> \r\n\t<\/div> \r\n\t<!-- \/anant-product-card -->\r\n\t\t\t\r\n\t\t\t\t\t<\/div>\r\n\t\t\t\t\t\t\t\t\t<div class=\"anant-single-grid-product anant-tabs-2086b83\t\t\t\t\t\t\"\r\n\t\t\t\t\t\t\tdata-swiper_div_tabs=\"\"\r\n\t\t\t\t\t>\r\n\t\t\t\t\t\t<!-- anant-product-card -->\r\n\t<div class=\"anant-product-item first anant-product-grid-item\"> \r\n\t\t<!-- display image -->\r\n\t\t\t<div class=\"anant_thumbnail\">\r\n\t\t\t\t<a href=\"https:\/\/autorbalza.center\/?product=modernizacja-istniejacej-strony\" class=\"anant_img anant-product-grid-image\">\r\n\t\t\t\t\t<img decoding=\"async\" src=\"https:\/\/autorbalza.center\/wp-content\/uploads\/2025\/05\/13-1.webp\" title=\"13\" alt=\"13\" \/>\t\t\t\t\t\r\n\t\t\t\t<\/a> \r\n\t\t\t\t<div class=\"ant-product-buttons anant-product-grid-Icon\">\r\n\t\t\t\t\t\t\t\t\t\t\t\t\t\t \r\n\t\t\t\t<\/div>\r\n\t\t\t\t\t\t\t<\/div>\r\n\t\t<!-- \/\/ display image ends -->\r\n\t\t<!-- content begins  -->\r\n\t\t<div class=\"anant_product_content\">\r\n\t\t\t\r\n\t\t\t<div class=\"anant_title\">\r\n\t\t\t\t\t\t\t\t\t\t\t\t<h2 class=\"title anant-product-grid-title\"><a href=\"https:\/\/autorbalza.center\/?product=modernizacja-istniejacej-strony\">Modernizacja istniej\u0105cej strony<\/a><\/h2>\r\n\t\t\t\t\t\t\t<\/div>\r\n\t\t\t\t\t\t<div class=\"anant_price anant-product-grid-price\">\r\n\t\t\t\t\t<span class=\"woocommerce-Price-amount amount\"><bdi>800.00&nbsp;<span class=\"woocommerce-Price-currencySymbol\">&#122;&#322;<\/span><\/bdi><\/span>\t\t\t\t<\/div>\r\n\t\t\t\t\t\r\n\t\t\t\t\t<div class=\"anant_cartbtn\">\r\n\t\t\t\t<div class=\"anant-add-to-cart anant-product-grid-button\">\r\n\t\t\t\t<a href=\"?add-to-cart=2140\" data-quantity=\"1\" class=\"button product_type_simple add_to_cart_button ajax_add_to_cart anant_add_to_cart_btn\" data-product_id=\"2140\" data-product_sku=\"\" aria-label=\"Dodaj do koszyka: &bdquo;Modernizacja istniej\u0105cej strony&rdquo;\" rel=\"nofollow\">Dodaj do koszyka<\/a>\t\t\t\t<\/div>\r\n\t\t\t<\/div> \r\n\t\t\t\t\t<\/div> \r\n\t<\/div> \r\n\t<!-- \/anant-product-card -->\r\n\t\t\t\r\n\t\t\t\t\t<\/div>\r\n\t\t\t\t\t\t\t\t\t<div class=\"anant-single-grid-product anant-tabs-2086b83\t\t\t\t\t\t\"\r\n\t\t\t\t\t\t\tdata-swiper_div_tabs=\"\"\r\n\t\t\t\t\t>\r\n\t\t\t\t\t\t<!-- anant-product-card -->\r\n\t<div class=\"anant-product-item first anant-product-grid-item\"> \r\n\t\t<!-- display image -->\r\n\t\t\t<div class=\"anant_thumbnail\">\r\n\t\t\t\t<a href=\"https:\/\/autorbalza.center\/?product=projektowanie-sklepow-internetowych\" class=\"anant_img anant-product-grid-image\">\r\n\t\t\t\t\t<img decoding=\"async\" src=\"https:\/\/autorbalza.center\/wp-content\/uploads\/2025\/05\/12-1.webp\" title=\"12\" alt=\"12\" \/>\t\t\t\t\t\r\n\t\t\t\t<\/a> \r\n\t\t\t\t<div class=\"ant-product-buttons anant-product-grid-Icon\">\r\n\t\t\t\t\t\t\t\t\t\t\t\t\t\t \r\n\t\t\t\t<\/div>\r\n\t\t\t\t\t\t\t<\/div>\r\n\t\t<!-- \/\/ display image ends -->\r\n\t\t<!-- content begins  -->\r\n\t\t<div class=\"anant_product_content\">\r\n\t\t\t\r\n\t\t\t<div class=\"anant_title\">\r\n\t\t\t\t\t\t\t\t\t\t\t\t<h2 class=\"title anant-product-grid-title\"><a href=\"https:\/\/autorbalza.center\/?product=projektowanie-sklepow-internetowych\">Projektowanie sklep\u00f3w internetowych<\/a><\/h2>\r\n\t\t\t\t\t\t\t<\/div>\r\n\t\t\t\t\t\t<div class=\"anant_price anant-product-grid-price\">\r\n\t\t\t\t\t<span class=\"woocommerce-Price-amount amount\"><bdi>2,500.00&nbsp;<span class=\"woocommerce-Price-currencySymbol\">&#122;&#322;<\/span><\/bdi><\/span>\t\t\t\t<\/div>\r\n\t\t\t\t\t\r\n\t\t\t\t\t<div class=\"anant_cartbtn\">\r\n\t\t\t\t<div class=\"anant-add-to-cart anant-product-grid-button\">\r\n\t\t\t\t<a href=\"?add-to-cart=2139\" data-quantity=\"1\" class=\"button product_type_simple add_to_cart_button ajax_add_to_cart anant_add_to_cart_btn\" data-product_id=\"2139\" data-product_sku=\"\" aria-label=\"Dodaj do koszyka: &bdquo;Projektowanie sklep\u00f3w internetowych&rdquo;\" rel=\"nofollow\">Dodaj do koszyka<\/a>\t\t\t\t<\/div>\r\n\t\t\t<\/div> \r\n\t\t\t\t\t<\/div> \r\n\t<\/div> \r\n\t<!-- \/anant-product-card -->\r\n\t\t\t\r\n\t\t\t\t\t<\/div>\r\n\t\t\t\t\t\t\t\t\t<div class=\"anant-single-grid-product anant-tabs-2086b83\t\t\t\t\t\t\"\r\n\t\t\t\t\t\t\tdata-swiper_div_tabs=\"\"\r\n\t\t\t\t\t>\r\n\t\t\t\t\t\t<!-- anant-product-card -->\r\n\t<div class=\"anant-product-item first anant-product-grid-item\"> \r\n\t\t<!-- display image -->\r\n\t\t\t<div class=\"anant_thumbnail\">\r\n\t\t\t\t<a href=\"https:\/\/autorbalza.center\/?product=projekt-strony-typu-wizytowka\" class=\"anant_img anant-product-grid-image\">\r\n\t\t\t\t\t<img decoding=\"async\" src=\"https:\/\/autorbalza.center\/wp-content\/uploads\/2025\/05\/11-1.webp\" title=\"11\" alt=\"11\" \/>\t\t\t\t\t\r\n\t\t\t\t<\/a> \r\n\t\t\t\t<div class=\"ant-product-buttons anant-product-grid-Icon\">\r\n\t\t\t\t\t\t\t\t\t\t\t\t\t\t \r\n\t\t\t\t<\/div>\r\n\t\t\t\t\t\t\t<\/div>\r\n\t\t<!-- \/\/ display image ends -->\r\n\t\t<!-- content begins  -->\r\n\t\t<div class=\"anant_product_content\">\r\n\t\t\t\r\n\t\t\t<div class=\"anant_title\">\r\n\t\t\t\t\t\t\t\t\t\t\t\t<h2 class=\"title anant-product-grid-title\"><a href=\"https:\/\/autorbalza.center\/?product=projekt-strony-typu-wizytowka\">Projekt strony typu wizyt\u00f3wka<\/a><\/h2>\r\n\t\t\t\t\t\t\t<\/div>\r\n\t\t\t\t\t\t<div class=\"anant_price anant-product-grid-price\">\r\n\t\t\t\t\t<span class=\"woocommerce-Price-amount amount\"><bdi>900.00&nbsp;<span class=\"woocommerce-Price-currencySymbol\">&#122;&#322;<\/span><\/bdi><\/span>\t\t\t\t<\/div>\r\n\t\t\t\t\t\r\n\t\t\t\t\t<div class=\"anant_cartbtn\">\r\n\t\t\t\t<div class=\"anant-add-to-cart anant-product-grid-button\">\r\n\t\t\t\t<a href=\"?add-to-cart=2129\" data-quantity=\"1\" class=\"button product_type_simple add_to_cart_button ajax_add_to_cart anant_add_to_cart_btn\" data-product_id=\"2129\" data-product_sku=\"\" aria-label=\"Dodaj do koszyka: &bdquo;Projekt strony typu wizyt\u00f3wka&rdquo;\" rel=\"nofollow\">Dodaj do koszyka<\/a>\t\t\t\t<\/div>\r\n\t\t\t<\/div> \r\n\t\t\t\t\t<\/div> \r\n\t<\/div> \r\n\t<!-- \/anant-product-card -->\r\n\t\t\t\r\n\t\t\t\t\t<\/div>\r\n\t\t\t\t\t\t\t<div class=\"ant-add-card-massage\">\r\n\t\t\t\t<div class=\"inner\">\r\n\t\t\t\t\t<div class=\"massage-text\">\r\n\t\t\t\t\t\t<i class=\"fas fa-info-circle\"><\/i>\r\n\t\t\t\t\t\t<h6>This Product Has Been Added To wishlist.<\/h6>\r\n\t\t\t\t\t<\/div>\r\n\t\t\t\t\t<a href=\"https:\/\/autorbalza.center\/?page_id=2209\" class=\"to-cart\">View Wishlist<\/a>\r\n\t\t\t\t<\/div>\r\n\t\t\t<\/div>  \r\n\t\t<\/div>\r\n\t\t<\/div>\t\t\t\t<\/div>\n\t\t\t\t<\/div>\n\t\t\t\t\t<\/div>\n\t\t\t\t<\/div>\n\t\t\t\t<\/div>\n\t\t","protected":false},"excerpt":{"rendered":"<p>Szkolenie z obs\u0142ugi strony (CMS) 300.00&nbsp;&#122;&#322; Add to cart Dostosowanie strony do urz\u0105dze\u0144 mobilnych 600.00&nbsp;&#122;&#322; Add to cart Projektowanie landing page 700.00&nbsp;&#122;&#322; Add to cart Modernizacja istniej\u0105cej strony 800.00&nbsp;&#122;&#322; Add&hellip;<\/p>\n","protected":false},"author":1,"featured_media":0,"parent":0,"menu_order":0,"comment_status":"closed","ping_status":"closed","template":"","meta":{"footnotes":""},"class_list":["post-2209","page","type-page","status-publish","hentry"],"_links":{"self":[{"href":"https:\/\/autorbalza.center\/index.php?rest_route=\/wp\/v2\/pages\/2209","targetHints":{"allow":["GET"]}}],"collection":[{"href":"https:\/\/autorbalza.center\/index.php?rest_route=\/wp\/v2\/pages"}],"about":[{"href":"https:\/\/autorbalza.center\/index.php?rest_route=\/wp\/v2\/types\/page"}],"author":[{"embeddable":true,"href":"https:\/\/autorbalza.center\/index.php?rest_route=\/wp\/v2\/users\/1"}],"replies":[{"embeddable":true,"href":"https:\/\/autorbalza.center\/index.php?rest_route=%2Fwp%2Fv2%2Fcomments&post=2209"}],"version-history":[{"count":13,"href":"https:\/\/autorbalza.center\/index.php?rest_route=\/wp\/v2\/pages\/2209\/revisions"}],"predecessor-version":[{"id":2234,"href":"https:\/\/autorbalza.center\/index.php?rest_route=\/wp\/v2\/pages\/2209\/revisions\/2234"}],"wp:attachment":[{"href":"https:\/\/autorbalza.center\/index.php?rest_route=%2Fwp%2Fv2%2Fmedia&parent=2209"}],"curies":[{"name":"wp","href":"https:\/\/api.w.org\/{rel}","templated":true}]}}