{"id":2140,"date":"2025-05-12T11:39:30","date_gmt":"2025-05-12T11:39:30","guid":{"rendered":"https:\/\/autorbalza.center\/?post_type=product&#038;p=2140"},"modified":"2025-05-12T11:39:30","modified_gmt":"2025-05-12T11:39:30","slug":"modernizacja-istniejacej-strony","status":"publish","type":"product","link":"https:\/\/autorbalza.center\/?product=modernizacja-istniejacej-strony","title":{"rendered":"Modernizacja istniej\u0105cej strony"},"content":{"rendered":"<p>Analiza, od\u015bwie\u017cenie grafiki, poprawa funkcjonalno\u015bci i optymalizacja szybko\u015bci.<\/p>\n","protected":false},"excerpt":{"rendered":"<p>Analiza, od\u015bwie\u017cenie grafiki, poprawa funkcjonalno\u015bci i optymalizacja szybko\u015bci.<\/p>\n","protected":false},"featured_media":2133,"template":"","meta":[],"product_brand":[],"product_cat":[23],"product_tag":[],"class_list":{"0":"post-2140","1":"product","2":"type-product","3":"status-publish","4":"has-post-thumbnail","6":"product_cat-uncategorized","8":"first","9":"instock","10":"shipping-taxable","11":"purchasable","12":"product-type-simple"},"_links":{"self":[{"href":"https:\/\/autorbalza.center\/index.php?rest_route=\/wp\/v2\/product\/2140","targetHints":{"allow":["GET"]}}],"collection":[{"href":"https:\/\/autorbalza.center\/index.php?rest_route=\/wp\/v2\/product"}],"about":[{"href":"https:\/\/autorbalza.center\/index.php?rest_route=\/wp\/v2\/types\/product"}],"wp:featuredmedia":[{"embeddable":true,"href":"https:\/\/autorbalza.center\/index.php?rest_route=\/wp\/v2\/media\/2133"}],"wp:attachment":[{"href":"https:\/\/autorbalza.center\/index.php?rest_route=%2Fwp%2Fv2%2Fmedia&parent=2140"}],"wp:term":[{"taxonomy":"product_brand","embeddable":true,"href":"https:\/\/autorbalza.center\/index.php?rest_route=%2Fwp%2Fv2%2Fproduct_brand&post=2140"},{"taxonomy":"product_cat","embeddable":true,"href":"https:\/\/autorbalza.center\/index.php?rest_route=%2Fwp%2Fv2%2Fproduct_cat&post=2140"},{"taxonomy":"product_tag","embeddable":true,"href":"https:\/\/autorbalza.center\/index.php?rest_route=%2Fwp%2Fv2%2Fproduct_tag&post=2140"}],"curies":[{"name":"wp","href":"https:\/\/api.w.org\/{rel}","templated":true}]}}