{"id":2144,"date":"2025-05-12T11:40:31","date_gmt":"2025-05-12T11:40:31","guid":{"rendered":"https:\/\/autorbalza.center\/?post_type=product&#038;p=2144"},"modified":"2025-05-12T11:40:31","modified_gmt":"2025-05-12T11:40:31","slug":"dostosowanie-strony-do-urzadzen-mobilnych","status":"publish","type":"product","link":"https:\/\/autorbalza.center\/?product=dostosowanie-strony-do-urzadzen-mobilnych","title":{"rendered":"Dostosowanie strony do urz\u0105dze\u0144 mobilnych"},"content":{"rendered":"<p>Zwi\u0119kszenie czytelno\u015bci i funkcjonalno\u015bci witryny na smartfonach i tabletach.<\/p>\n","protected":false},"excerpt":{"rendered":"<p>Zwi\u0119kszenie czytelno\u015bci i funkcjonalno\u015bci witryny na smartfonach i tabletach.<\/p>\n","protected":false},"featured_media":2135,"template":"","meta":[],"product_brand":[],"product_cat":[23],"product_tag":[],"class_list":{"0":"post-2144","1":"product","2":"type-product","3":"status-publish","4":"has-post-thumbnail","6":"product_cat-uncategorized","8":"first","9":"instock","10":"shipping-taxable","11":"purchasable","12":"product-type-simple"},"_links":{"self":[{"href":"https:\/\/autorbalza.center\/index.php?rest_route=\/wp\/v2\/product\/2144","targetHints":{"allow":["GET"]}}],"collection":[{"href":"https:\/\/autorbalza.center\/index.php?rest_route=\/wp\/v2\/product"}],"about":[{"href":"https:\/\/autorbalza.center\/index.php?rest_route=\/wp\/v2\/types\/product"}],"wp:featuredmedia":[{"embeddable":true,"href":"https:\/\/autorbalza.center\/index.php?rest_route=\/wp\/v2\/media\/2135"}],"wp:attachment":[{"href":"https:\/\/autorbalza.center\/index.php?rest_route=%2Fwp%2Fv2%2Fmedia&parent=2144"}],"wp:term":[{"taxonomy":"product_brand","embeddable":true,"href":"https:\/\/autorbalza.center\/index.php?rest_route=%2Fwp%2Fv2%2Fproduct_brand&post=2144"},{"taxonomy":"product_cat","embeddable":true,"href":"https:\/\/autorbalza.center\/index.php?rest_route=%2Fwp%2Fv2%2Fproduct_cat&post=2144"},{"taxonomy":"product_tag","embeddable":true,"href":"https:\/\/autorbalza.center\/index.php?rest_route=%2Fwp%2Fv2%2Fproduct_tag&post=2144"}],"curies":[{"name":"wp","href":"https:\/\/api.w.org\/{rel}","templated":true}]}}