{"id":2147,"date":"2025-05-12T11:40:54","date_gmt":"2025-05-12T11:40:54","guid":{"rendered":"https:\/\/autorbalza.center\/?post_type=product&#038;p=2147"},"modified":"2025-05-12T11:40:55","modified_gmt":"2025-05-12T11:40:55","slug":"szkolenie-z-obslugi-strony-cms","status":"publish","type":"product","link":"https:\/\/autorbalza.center\/?product=szkolenie-z-obslugi-strony-cms","title":{"rendered":"Szkolenie z obs\u0142ugi strony (CMS)"},"content":{"rendered":"<p>Indywidualne wprowadzenie do samodzielnego zarz\u0105dzania tre\u015bciami.<\/p>\n","protected":false},"excerpt":{"rendered":"<p>Indywidualne wprowadzenie do samodzielnego zarz\u0105dzania tre\u015bciami.<\/p>\n","protected":false},"featured_media":2136,"template":"","meta":[],"product_brand":[],"product_cat":[23],"product_tag":[],"class_list":{"0":"post-2147","1":"product","2":"type-product","3":"status-publish","4":"has-post-thumbnail","6":"product_cat-uncategorized","8":"first","9":"instock","10":"shipping-taxable","11":"purchasable","12":"product-type-simple"},"_links":{"self":[{"href":"https:\/\/autorbalza.center\/index.php?rest_route=\/wp\/v2\/product\/2147","targetHints":{"allow":["GET"]}}],"collection":[{"href":"https:\/\/autorbalza.center\/index.php?rest_route=\/wp\/v2\/product"}],"about":[{"href":"https:\/\/autorbalza.center\/index.php?rest_route=\/wp\/v2\/types\/product"}],"wp:featuredmedia":[{"embeddable":true,"href":"https:\/\/autorbalza.center\/index.php?rest_route=\/wp\/v2\/media\/2136"}],"wp:attachment":[{"href":"https:\/\/autorbalza.center\/index.php?rest_route=%2Fwp%2Fv2%2Fmedia&parent=2147"}],"wp:term":[{"taxonomy":"product_brand","embeddable":true,"href":"https:\/\/autorbalza.center\/index.php?rest_route=%2Fwp%2Fv2%2Fproduct_brand&post=2147"},{"taxonomy":"product_cat","embeddable":true,"href":"https:\/\/autorbalza.center\/index.php?rest_route=%2Fwp%2Fv2%2Fproduct_cat&post=2147"},{"taxonomy":"product_tag","embeddable":true,"href":"https:\/\/autorbalza.center\/index.php?rest_route=%2Fwp%2Fv2%2Fproduct_tag&post=2147"}],"curies":[{"name":"wp","href":"https:\/\/api.w.org\/{rel}","templated":true}]}}